{"id":1806,"date":"2023-05-22T07:58:53","date_gmt":"2023-05-22T10:58:53","guid":{"rendered":"https:\/\/buledigital.com.br\/piramide\/?page_id=1806"},"modified":"2023-05-22T08:04:40","modified_gmt":"2023-05-22T11:04:40","slug":"em-construcao","status":"publish","type":"page","link":"https:\/\/buledigital.com.br\/piramide\/em-construcao\/","title":{"rendered":"Em constru\u00e7\u00e3o"},"content":{"rendered":"\t\t<div data-elementor-type=\"wp-page\" data-elementor-id=\"1806\" class=\"elementor elementor-1806\">\n\t\t\t\t\t\t\t\t\t<section class=\"elementor-section elementor-top-section elementor-element elementor-element-7175b5e1 elementor-section-height-min-height elementor-section-boxed elementor-section-height-default elementor-section-items-middle wpr-particle-no wpr-jarallax-no wpr-parallax-no wpr-sticky-section-no\" data-id=\"7175b5e1\" data-element_type=\"section\" data-settings=\"{&quot;background_background&quot;:&quot;classic&quot;}\">\n\t\t\t\t\t\t\t<div class=\"elementor-background-overlay\"><\/div>\n\t\t\t\t\t\t\t<div class=\"elementor-container elementor-column-gap-default\">\n\t\t\t\t\t<div class=\"elementor-column elementor-col-100 elementor-top-column elementor-element elementor-element-355edefe\" data-id=\"355edefe\" data-element_type=\"column\">\n\t\t\t<div class=\"elementor-widget-wrap elementor-element-populated\">\n\t\t\t\t\t\t\t\t<div class=\"elementor-element elementor-element-439fc696 elementor-invisible elementor-widget elementor-widget-gum_heading\" data-id=\"439fc696\" data-element_type=\"widget\" data-settings=\"{&quot;_animation&quot;:&quot;fadeIn&quot;,&quot;_animation_delay&quot;:200}\" data-widget_type=\"gum_heading.default\">\n\t\t\t\t<div class=\"elementor-widget-container\">\n\t\t\t<div class=\"gum-widget-title\"><h2 class=\"section-main-title size-default\">Em constru\u00e7\u00e3o<\/h2><\/div>\t\t<\/div>\n\t\t\t\t<\/div>\n\t\t\t\t\t<\/div>\n\t\t<\/div>\n\t\t\t\t\t\t\t<\/div>\n\t\t<\/section>\n\t\t\t\t<section class=\"elementor-section elementor-top-section elementor-element elementor-element-2535402a elementor-section-boxed elementor-section-height-default elementor-section-height-default wpr-particle-no wpr-jarallax-no wpr-parallax-no wpr-sticky-section-no\" data-id=\"2535402a\" data-element_type=\"section\">\n\t\t\t\t\t\t\t<div class=\"elementor-background-overlay\"><\/div>\n\t\t\t\t\t\t\t<div class=\"elementor-container elementor-column-gap-default\">\n\t\t\t\t\t<div class=\"elementor-column elementor-col-50 elementor-top-column elementor-element elementor-element-225f7d42\" data-id=\"225f7d42\" data-element_type=\"column\">\n\t\t\t<div class=\"elementor-widget-wrap elementor-element-populated\">\n\t\t\t\t\t\t\t\t<div class=\"elementor-element elementor-element-260e5217 elementor-widget-mobile__width-inherit elementor-invisible elementor-widget elementor-widget-elementskit-heading\" data-id=\"260e5217\" data-element_type=\"widget\" data-settings=\"{&quot;_animation&quot;:&quot;fadeIn&quot;,&quot;_animation_delay&quot;:200}\" data-widget_type=\"elementskit-heading.default\">\n\t\t\t\t<div class=\"elementor-widget-container\">\n\t\t\t<div class=\"ekit-wid-con\" ><div class=\"ekit-heading elementskit-section-title-wraper text_left   ekit_heading_tablet-   ekit_heading_mobile-text_center\"><h2 class=\"ekit-heading--title elementskit-section-title \">Estamos trabalhando para oferecer <span><span>a melhor<\/span><\/span> <span><span>experi\u00eancia<\/span><\/span><\/h2><\/div><\/div>\t\t<\/div>\n\t\t\t\t<\/div>\n\t\t\t\t\t<\/div>\n\t\t<\/div>\n\t\t\t\t<div class=\"elementor-column elementor-col-50 elementor-top-column elementor-element elementor-element-7442dbb1\" data-id=\"7442dbb1\" data-element_type=\"column\">\n\t\t\t<div class=\"elementor-widget-wrap\">\n\t\t\t\t\t\t\t\t\t<\/div>\n\t\t<\/div>\n\t\t\t\t\t\t\t<\/div>\n\t\t<\/section>\n\t\t\t\t\t\t\t<\/div>\n\t\t","protected":false},"excerpt":{"rendered":"<p>Em constru\u00e7\u00e3o Estamos trabalhando para oferecer a melhor experi\u00eancia<\/p>\n","protected":false},"author":3,"featured_media":0,"parent":0,"menu_order":0,"comment_status":"closed","ping_status":"closed","template":"elementor_header_footer","meta":{"neve_meta_sidebar":"","neve_meta_container":"","neve_meta_enable_content_width":"","neve_meta_content_width":0,"neve_meta_title_alignment":"","neve_meta_author_avatar":"","neve_post_elements_order":"","neve_meta_disable_header":"","neve_meta_disable_footer":"","neve_meta_disable_title":"","footnotes":""},"class_list":["post-1806","page","type-page","status-publish","hentry"],"yoast_head":"<!-- This site is optimized with the Yoast SEO plugin v21.0 - https:\/\/yoast.com\/wordpress\/plugins\/seo\/ -->\n<title>Em constru\u00e7\u00e3o - Pir\u00e2mide M\u00f3veis<\/title>\n<meta name=\"robots\" content=\"index, follow, max-snippet:-1, max-image-preview:large, max-video-preview:-1\" \/>\n<link rel=\"canonical\" href=\"https:\/\/buledigital.com.br\/piramide\/em-construcao\/\" \/>\n<meta property=\"og:locale\" content=\"pt_BR\" \/>\n<meta property=\"og:type\" content=\"article\" \/>\n<meta property=\"og:title\" content=\"Em constru\u00e7\u00e3o - Pir\u00e2mide M\u00f3veis\" \/>\n<meta property=\"og:description\" content=\"Em constru\u00e7\u00e3o Estamos trabalhando para oferecer a melhor experi\u00eancia\" \/>\n<meta property=\"og:url\" content=\"https:\/\/buledigital.com.br\/piramide\/em-construcao\/\" \/>\n<meta property=\"og:site_name\" content=\"Pir\u00e2mide M\u00f3veis\" \/>\n<meta property=\"article:modified_time\" content=\"2023-05-22T11:04:40+00:00\" \/>\n<meta name=\"twitter:card\" content=\"summary_large_image\" \/>\n<meta name=\"twitter:label1\" content=\"Est. tempo de leitura\" \/>\n\t<meta name=\"twitter:data1\" content=\"1 minuto\" \/>\n<script type=\"application\/ld+json\" class=\"yoast-schema-graph\">{\"@context\":\"https:\/\/schema.org\",\"@graph\":[{\"@type\":\"WebPage\",\"@id\":\"https:\/\/buledigital.com.br\/piramide\/em-construcao\/\",\"url\":\"https:\/\/buledigital.com.br\/piramide\/em-construcao\/\",\"name\":\"Em constru\u00e7\u00e3o - Pir\u00e2mide M\u00f3veis\",\"isPartOf\":{\"@id\":\"https:\/\/buledigital.com.br\/piramide\/#website\"},\"datePublished\":\"2023-05-22T10:58:53+00:00\",\"dateModified\":\"2023-05-22T11:04:40+00:00\",\"breadcrumb\":{\"@id\":\"https:\/\/buledigital.com.br\/piramide\/em-construcao\/#breadcrumb\"},\"inLanguage\":\"pt-BR\",\"potentialAction\":[{\"@type\":\"ReadAction\",\"target\":[\"https:\/\/buledigital.com.br\/piramide\/em-construcao\/\"]}]},{\"@type\":\"BreadcrumbList\",\"@id\":\"https:\/\/buledigital.com.br\/piramide\/em-construcao\/#breadcrumb\",\"itemListElement\":[{\"@type\":\"ListItem\",\"position\":1,\"name\":\"In\u00edcio\",\"item\":\"https:\/\/buledigital.com.br\/piramide\/\"},{\"@type\":\"ListItem\",\"position\":2,\"name\":\"Em constru\u00e7\u00e3o\"}]},{\"@type\":\"WebSite\",\"@id\":\"https:\/\/buledigital.com.br\/piramide\/#website\",\"url\":\"https:\/\/buledigital.com.br\/piramide\/\",\"name\":\"Pir\u00e2mide M\u00f3veis\",\"description\":\"F\u00e1brica e loja de m\u00f3veis de luxo sob medida.\",\"potentialAction\":[{\"@type\":\"SearchAction\",\"target\":{\"@type\":\"EntryPoint\",\"urlTemplate\":\"https:\/\/buledigital.com.br\/piramide\/?s={search_term_string}\"},\"query-input\":\"required name=search_term_string\"}],\"inLanguage\":\"pt-BR\"}]}<\/script>\n<!-- \/ Yoast SEO plugin. -->","yoast_head_json":{"title":"Em constru\u00e7\u00e3o - Pir\u00e2mide M\u00f3veis","robots":{"index":"index","follow":"follow","max-snippet":"max-snippet:-1","max-image-preview":"max-image-preview:large","max-video-preview":"max-video-preview:-1"},"canonical":"https:\/\/buledigital.com.br\/piramide\/em-construcao\/","og_locale":"pt_BR","og_type":"article","og_title":"Em constru\u00e7\u00e3o - Pir\u00e2mide M\u00f3veis","og_description":"Em constru\u00e7\u00e3o Estamos trabalhando para oferecer a melhor experi\u00eancia","og_url":"https:\/\/buledigital.com.br\/piramide\/em-construcao\/","og_site_name":"Pir\u00e2mide M\u00f3veis","article_modified_time":"2023-05-22T11:04:40+00:00","twitter_card":"summary_large_image","twitter_misc":{"Est. tempo de leitura":"1 minuto"},"schema":{"@context":"https:\/\/schema.org","@graph":[{"@type":"WebPage","@id":"https:\/\/buledigital.com.br\/piramide\/em-construcao\/","url":"https:\/\/buledigital.com.br\/piramide\/em-construcao\/","name":"Em constru\u00e7\u00e3o - Pir\u00e2mide M\u00f3veis","isPartOf":{"@id":"https:\/\/buledigital.com.br\/piramide\/#website"},"datePublished":"2023-05-22T10:58:53+00:00","dateModified":"2023-05-22T11:04:40+00:00","breadcrumb":{"@id":"https:\/\/buledigital.com.br\/piramide\/em-construcao\/#breadcrumb"},"inLanguage":"pt-BR","potentialAction":[{"@type":"ReadAction","target":["https:\/\/buledigital.com.br\/piramide\/em-construcao\/"]}]},{"@type":"BreadcrumbList","@id":"https:\/\/buledigital.com.br\/piramide\/em-construcao\/#breadcrumb","itemListElement":[{"@type":"ListItem","position":1,"name":"In\u00edcio","item":"https:\/\/buledigital.com.br\/piramide\/"},{"@type":"ListItem","position":2,"name":"Em constru\u00e7\u00e3o"}]},{"@type":"WebSite","@id":"https:\/\/buledigital.com.br\/piramide\/#website","url":"https:\/\/buledigital.com.br\/piramide\/","name":"Pir\u00e2mide M\u00f3veis","description":"F\u00e1brica e loja de m\u00f3veis de luxo sob medida.","potentialAction":[{"@type":"SearchAction","target":{"@type":"EntryPoint","urlTemplate":"https:\/\/buledigital.com.br\/piramide\/?s={search_term_string}"},"query-input":"required name=search_term_string"}],"inLanguage":"pt-BR"}]}},"_links":{"self":[{"href":"https:\/\/buledigital.com.br\/piramide\/wp-json\/wp\/v2\/pages\/1806","targetHints":{"allow":["GET"]}}],"collection":[{"href":"https:\/\/buledigital.com.br\/piramide\/wp-json\/wp\/v2\/pages"}],"about":[{"href":"https:\/\/buledigital.com.br\/piramide\/wp-json\/wp\/v2\/types\/page"}],"author":[{"embeddable":true,"href":"https:\/\/buledigital.com.br\/piramide\/wp-json\/wp\/v2\/users\/3"}],"replies":[{"embeddable":true,"href":"https:\/\/buledigital.com.br\/piramide\/wp-json\/wp\/v2\/comments?post=1806"}],"version-history":[{"count":8,"href":"https:\/\/buledigital.com.br\/piramide\/wp-json\/wp\/v2\/pages\/1806\/revisions"}],"predecessor-version":[{"id":1814,"href":"https:\/\/buledigital.com.br\/piramide\/wp-json\/wp\/v2\/pages\/1806\/revisions\/1814"}],"wp:attachment":[{"href":"https:\/\/buledigital.com.br\/piramide\/wp-json\/wp\/v2\/media?parent=1806"}],"curies":[{"name":"wp","href":"https:\/\/api.w.org\/{rel}","templated":true}]}}