{"id":1827,"date":"2023-05-22T08:16:33","date_gmt":"2023-05-22T11:16:33","guid":{"rendered":"https:\/\/buledigital.com.br\/piramide\/?page_id=1827"},"modified":"2023-05-22T08:16:35","modified_gmt":"2023-05-22T11:16:35","slug":"hall","status":"publish","type":"page","link":"https:\/\/buledigital.com.br\/piramide\/hall\/","title":{"rendered":"Hall"},"content":{"rendered":"","protected":false},"excerpt":{"rendered":"","protected":false},"author":3,"featured_media":0,"parent":0,"menu_order":0,"comment_status":"closed","ping_status":"closed","template":"","meta":{"neve_meta_sidebar":"","neve_meta_container":"","neve_meta_enable_content_width":"","neve_meta_content_width":0,"neve_meta_title_alignment":"","neve_meta_author_avatar":"","neve_post_elements_order":"","neve_meta_disable_header":"","neve_meta_disable_footer":"","neve_meta_disable_title":"","footnotes":""},"class_list":["post-1827","page","type-page","status-publish","hentry"],"yoast_head":"<!-- This site is optimized with the Yoast SEO plugin v21.0 - https:\/\/yoast.com\/wordpress\/plugins\/seo\/ -->\n<title>Hall - Pir\u00e2mide M\u00f3veis<\/title>\n<meta name=\"robots\" content=\"index, follow, max-snippet:-1, max-image-preview:large, max-video-preview:-1\" \/>\n<link rel=\"canonical\" href=\"https:\/\/buledigital.com.br\/piramide\/hall\/\" \/>\n<meta property=\"og:locale\" content=\"pt_BR\" \/>\n<meta property=\"og:type\" content=\"article\" \/>\n<meta property=\"og:title\" content=\"Hall - Pir\u00e2mide M\u00f3veis\" \/>\n<meta property=\"og:url\" content=\"https:\/\/buledigital.com.br\/piramide\/hall\/\" \/>\n<meta property=\"og:site_name\" content=\"Pir\u00e2mide M\u00f3veis\" \/>\n<meta property=\"article:modified_time\" content=\"2023-05-22T11:16:35+00:00\" \/>\n<meta name=\"twitter:card\" content=\"summary_large_image\" \/>\n<script type=\"application\/ld+json\" class=\"yoast-schema-graph\">{\"@context\":\"https:\/\/schema.org\",\"@graph\":[{\"@type\":\"WebPage\",\"@id\":\"https:\/\/buledigital.com.br\/piramide\/hall\/\",\"url\":\"https:\/\/buledigital.com.br\/piramide\/hall\/\",\"name\":\"Hall - Pir\u00e2mide M\u00f3veis\",\"isPartOf\":{\"@id\":\"https:\/\/buledigital.com.br\/piramide\/#website\"},\"datePublished\":\"2023-05-22T11:16:33+00:00\",\"dateModified\":\"2023-05-22T11:16:35+00:00\",\"breadcrumb\":{\"@id\":\"https:\/\/buledigital.com.br\/piramide\/hall\/#breadcrumb\"},\"inLanguage\":\"pt-BR\",\"potentialAction\":[{\"@type\":\"ReadAction\",\"target\":[\"https:\/\/buledigital.com.br\/piramide\/hall\/\"]}]},{\"@type\":\"BreadcrumbList\",\"@id\":\"https:\/\/buledigital.com.br\/piramide\/hall\/#breadcrumb\",\"itemListElement\":[{\"@type\":\"ListItem\",\"position\":1,\"name\":\"In\u00edcio\",\"item\":\"https:\/\/buledigital.com.br\/piramide\/\"},{\"@type\":\"ListItem\",\"position\":2,\"name\":\"Hall\"}]},{\"@type\":\"WebSite\",\"@id\":\"https:\/\/buledigital.com.br\/piramide\/#website\",\"url\":\"https:\/\/buledigital.com.br\/piramide\/\",\"name\":\"Pir\u00e2mide M\u00f3veis\",\"description\":\"F\u00e1brica e loja de m\u00f3veis de luxo sob medida.\",\"potentialAction\":[{\"@type\":\"SearchAction\",\"target\":{\"@type\":\"EntryPoint\",\"urlTemplate\":\"https:\/\/buledigital.com.br\/piramide\/?s={search_term_string}\"},\"query-input\":\"required name=search_term_string\"}],\"inLanguage\":\"pt-BR\"}]}<\/script>\n<!-- \/ Yoast SEO plugin. -->","yoast_head_json":{"title":"Hall - Pir\u00e2mide M\u00f3veis","robots":{"index":"index","follow":"follow","max-snippet":"max-snippet:-1","max-image-preview":"max-image-preview:large","max-video-preview":"max-video-preview:-1"},"canonical":"https:\/\/buledigital.com.br\/piramide\/hall\/","og_locale":"pt_BR","og_type":"article","og_title":"Hall - Pir\u00e2mide M\u00f3veis","og_url":"https:\/\/buledigital.com.br\/piramide\/hall\/","og_site_name":"Pir\u00e2mide M\u00f3veis","article_modified_time":"2023-05-22T11:16:35+00:00","twitter_card":"summary_large_image","schema":{"@context":"https:\/\/schema.org","@graph":[{"@type":"WebPage","@id":"https:\/\/buledigital.com.br\/piramide\/hall\/","url":"https:\/\/buledigital.com.br\/piramide\/hall\/","name":"Hall - Pir\u00e2mide M\u00f3veis","isPartOf":{"@id":"https:\/\/buledigital.com.br\/piramide\/#website"},"datePublished":"2023-05-22T11:16:33+00:00","dateModified":"2023-05-22T11:16:35+00:00","breadcrumb":{"@id":"https:\/\/buledigital.com.br\/piramide\/hall\/#breadcrumb"},"inLanguage":"pt-BR","potentialAction":[{"@type":"ReadAction","target":["https:\/\/buledigital.com.br\/piramide\/hall\/"]}]},{"@type":"BreadcrumbList","@id":"https:\/\/buledigital.com.br\/piramide\/hall\/#breadcrumb","itemListElement":[{"@type":"ListItem","position":1,"name":"In\u00edcio","item":"https:\/\/buledigital.com.br\/piramide\/"},{"@type":"ListItem","position":2,"name":"Hall"}]},{"@type":"WebSite","@id":"https:\/\/buledigital.com.br\/piramide\/#website","url":"https:\/\/buledigital.com.br\/piramide\/","name":"Pir\u00e2mide M\u00f3veis","description":"F\u00e1brica e loja de m\u00f3veis de luxo sob medida.","potentialAction":[{"@type":"SearchAction","target":{"@type":"EntryPoint","urlTemplate":"https:\/\/buledigital.com.br\/piramide\/?s={search_term_string}"},"query-input":"required name=search_term_string"}],"inLanguage":"pt-BR"}]}},"_links":{"self":[{"href":"https:\/\/buledigital.com.br\/piramide\/wp-json\/wp\/v2\/pages\/1827","targetHints":{"allow":["GET"]}}],"collection":[{"href":"https:\/\/buledigital.com.br\/piramide\/wp-json\/wp\/v2\/pages"}],"about":[{"href":"https:\/\/buledigital.com.br\/piramide\/wp-json\/wp\/v2\/types\/page"}],"author":[{"embeddable":true,"href":"https:\/\/buledigital.com.br\/piramide\/wp-json\/wp\/v2\/users\/3"}],"replies":[{"embeddable":true,"href":"https:\/\/buledigital.com.br\/piramide\/wp-json\/wp\/v2\/comments?post=1827"}],"version-history":[{"count":1,"href":"https:\/\/buledigital.com.br\/piramide\/wp-json\/wp\/v2\/pages\/1827\/revisions"}],"predecessor-version":[{"id":1828,"href":"https:\/\/buledigital.com.br\/piramide\/wp-json\/wp\/v2\/pages\/1827\/revisions\/1828"}],"wp:attachment":[{"href":"https:\/\/buledigital.com.br\/piramide\/wp-json\/wp\/v2\/media?parent=1827"}],"curies":[{"name":"wp","href":"https:\/\/api.w.org\/{rel}","templated":true}]}}